{"id":1172,"date":"2020-05-05T08:37:36","date_gmt":"2020-05-05T08:37:36","guid":{"rendered":"https:\/\/eona.qodeinteractive.com\/?page_id=1172"},"modified":"2021-02-22T16:51:46","modified_gmt":"2021-02-22T16:51:46","slug":"contact-us","status":"publish","type":"page","link":"http:\/\/www.zumar.com.mx\/en\/contact-us\/","title":{"rendered":"Contact us"},"content":{"rendered":"\t\t<div data-elementor-type=\"wp-page\" data-elementor-id=\"1172\" class=\"elementor elementor-1172\" data-elementor-settings=\"[]\">\n\t\t\t\t\t\t<div class=\"elementor-inner\">\n\t\t\t\t\t\t\t<div class=\"elementor-section-wrap\">\n\t\t\t\t\t\t\t<section style=\"height: 520px\" class=\"qodef-parallax--custom elementor-section elementor-top-section elementor-element elementor-element-fbd0906 elementor-section-full_width qodef-elementor-content-grid elementor-section-height-default elementor-section-height-default\" data-id=\"fbd0906\" data-element_type=\"section\" data-settings=\"{&quot;background_background&quot;:&quot;classic&quot;}\">\n\t\t\t\t\t\t\t<div class=\"elementor-background-overlay\"><\/div>\n\t\t\t\t\t\t\t<div class=\"elementor-container elementor-column-gap-default\">\n\t\t\t\t\t\t\t<div class=\"elementor-row\">\n\t\t\t\t\t<div class=\"elementor-column elementor-col-100 elementor-top-column elementor-element elementor-element-884f4ee\" data-id=\"884f4ee\" data-element_type=\"column\" data-settings=\"{&quot;background_background&quot;:&quot;classic&quot;}\">\n\t\t\t<div class=\"elementor-column-wrap elementor-element-populated\">\n\t\t\t\t\t<div class=\"elementor-background-overlay\"><\/div>\n\t\t\t\t\t\t\t<div class=\"elementor-widget-wrap\">\n\t\t\t\t\t\t<div class=\"elementor-element elementor-element-009778c elementor-widget elementor-widget-eona_core_section_title\" data-id=\"009778c\" data-element_type=\"widget\" data-widget_type=\"eona_core_section_title.default\">\n\t\t\t\t<div class=\"elementor-widget-container\">\n\t\t\t<div class=\"qodef-shortcode qodef-m  qodef-section-title qodef-alignment--left    \">\n    \t<h1 class=\"qodef-m-title\" style=\"color: #FFFFFF\" >\n                    Contact Us            <\/h1>\n    \t<span class=\"qodef-m-subtitle\" style=\"padding-left: 1px;color: #FFFFFF\">\n        \u00bfNeed Assistance? \u00a1Drop a Message!\t<\/span>\n    \t    <\/div>\t\t<\/div>\n\t\t\t\t<\/div>\n\t\t\t\t\t\t<\/div>\n\t\t\t\t\t<\/div>\n\t\t<\/div>\n\t\t\t\t\t\t\t\t<\/div>\n\t\t\t\t\t<\/div>\n\t\t<\/section>\n\t\t\t\t<section class=\"elementor-section elementor-top-section elementor-element elementor-element-b0a7661 elementor-section-full_width qodef-elementor-content-grid elementor-section-height-default elementor-section-height-default\" data-id=\"b0a7661\" data-element_type=\"section\">\n\t\t\t\t\t\t<div class=\"elementor-container elementor-column-gap-default\">\n\t\t\t\t\t\t\t<div class=\"elementor-row\">\n\t\t\t\t\t<div class=\"elementor-column elementor-col-50 elementor-top-column elementor-element elementor-element-2ebbe68\" data-id=\"2ebbe68\" data-element_type=\"column\">\n\t\t\t<div class=\"elementor-column-wrap elementor-element-populated\">\n\t\t\t\t\t\t\t<div class=\"elementor-widget-wrap\">\n\t\t\t\t\t\t<div class=\"elementor-element elementor-element-1643db4 elementor-widget elementor-widget-eona_core_section_title\" data-id=\"1643db4\" data-element_type=\"widget\" data-widget_type=\"eona_core_section_title.default\">\n\t\t\t\t<div class=\"elementor-widget-container\">\n\t\t\t<div class=\"qodef-shortcode qodef-m  qodef-section-title qodef-alignment--left    \">\n    \t<h6 class=\"qodef-m-caption\" >\n        Financial services, Tax services, Transfer Pricing Services and International Trade services.\t<\/h6>\n\t<h1 class=\"qodef-m-title\"  >\n                    in all the country            <\/h1>\n        \t<div class=\"qodef-m-separator\" ><\/div>\n\t\t<p class=\"qodef-m-text\" >All services provided by zumar are rendered directly by its partners which have a solid professional experience attending both domestic and multinational groups in the automotive, textile, maquila, financial, aeronautic and manufacturing industry.<\/p>\n    <\/div>\t\t<\/div>\n\t\t\t\t<\/div>\n\t\t\t\t<section class=\"elementor-section elementor-inner-section elementor-element elementor-element-17ce148 elementor-section-boxed elementor-section-height-default elementor-section-height-default qodef-elementor-content-no\" data-id=\"17ce148\" data-element_type=\"section\">\n\t\t\t\t\t\t<div class=\"elementor-container elementor-column-gap-default\">\n\t\t\t\t\t\t\t<div class=\"elementor-row\">\n\t\t\t\t\t<div class=\"elementor-column elementor-col-50 elementor-inner-column elementor-element elementor-element-3f03ae3\" data-id=\"3f03ae3\" data-element_type=\"column\">\n\t\t\t<div class=\"elementor-column-wrap elementor-element-populated\">\n\t\t\t\t\t\t\t<div class=\"elementor-widget-wrap\">\n\t\t\t\t\t\t<div class=\"elementor-element elementor-element-d749017 elementor-widget elementor-widget-text-editor\" data-id=\"d749017\" data-element_type=\"widget\" data-widget_type=\"text-editor.default\">\n\t\t\t\t<div class=\"elementor-widget-container\">\n\t\t\t\t\t<div class=\"elementor-text-editor elementor-clearfix\"><h3>Quer\u00e9taro<\/h3><\/div>\n\t\t\t\t<\/div>\n\t\t\t\t<\/div>\n\t\t\t\t<div class=\"elementor-element elementor-element-5805e95 elementor-widget elementor-widget-text-editor\" data-id=\"5805e95\" data-element_type=\"widget\" data-widget_type=\"text-editor.default\">\n\t\t\t\t<div class=\"elementor-widget-container\">\n\t\t\t\t\t<div class=\"elementor-text-editor elementor-clearfix\"><p>Adress:<a href=\"#\"> Boulevard de los Gobernadores #1218, Col. Vista Azul, Quer\u00e9taro, Quer\u00e9taro, C.P. 76090 M\u00e9xico.<\/a><\/p><p>Tel: <a href=\"tel:+524422543134\">442 254 31 34<\/a><\/p><p>Email: <a href=\"mailto:administracion@zumar.com.mx\" target=\"_blank\" rel=\"noopener noreferrer\">administracion@zumar.com.mx<\/a><\/p><p>Web: <a href=\"http:\/\/www.zumar.com.mx\/en\/\">zumar.com.mx<\/a><\/p><\/div>\n\t\t\t\t<\/div>\n\t\t\t\t<\/div>\n\t\t\t\t\t\t<\/div>\n\t\t\t\t\t<\/div>\n\t\t<\/div>\n\t\t\t\t<div class=\"elementor-column elementor-col-50 elementor-inner-column elementor-element elementor-element-b029b70 elementor-hidden-desktop elementor-hidden-tablet elementor-hidden-phone\" data-id=\"b029b70\" data-element_type=\"column\">\n\t\t\t<div class=\"elementor-column-wrap elementor-element-populated\">\n\t\t\t\t\t\t\t<div class=\"elementor-widget-wrap\">\n\t\t\t\t\t\t<div class=\"elementor-element elementor-element-3c69156 elementor-widget elementor-widget-text-editor\" data-id=\"3c69156\" data-element_type=\"widget\" data-widget_type=\"text-editor.default\">\n\t\t\t\t<div class=\"elementor-widget-container\">\n\t\t\t\t\t<div class=\"elementor-text-editor elementor-clearfix\"><h3>New York<\/h3><\/div>\n\t\t\t\t<\/div>\n\t\t\t\t<\/div>\n\t\t\t\t<div class=\"elementor-element elementor-element-b4cfc51 elementor-widget elementor-widget-text-editor\" data-id=\"b4cfc51\" data-element_type=\"widget\" data-widget_type=\"text-editor.default\">\n\t\t\t\t<div class=\"elementor-widget-container\">\n\t\t\t\t\t<div class=\"elementor-text-editor elementor-clearfix\"><p>Addres: <a href=\"https:\/\/www.google.com\/maps\/place\/21st+St,+Queens,+NY,+USA\/@40.7632439,-73.9341309,16z\/data=!4m5!3m4!1s0x89c25f49c3d13c89:0xd4bd811af31aec53!8m2!3d40.7639963!4d-73.932882?hl=en\" target=\"_blank\" rel=\"noopener\"><span class=\"qodef-e-title-inner\"><span class=\"qodef-e-title-text\">West 21St Street, <\/span><\/span><\/a><a href=\"https:\/\/www.google.com\/maps\/place\/21st+St,+Queens,+NY,+USA\/@40.7632439,-73.9341309,16z\/data=!4m5!3m4!1s0x89c25f49c3d13c89:0xd4bd811af31aec53!8m2!3d40.7639963!4d-73.932882?hl=en\" target=\"_blank\" rel=\"noopener\"><span class=\"qodef-e-title-inner\"><span class=\"qodef-e-title-text\">NY<\/span><\/span><\/a><\/p><p>Tel: <a href=\"tel:+123467897\">+012 345 6789 0000<\/a><\/p><p>Email: <a href=\"mailto:eona@qodeinteractive.com\" target=\"_blank\" rel=\"noopener noreferrer\">eona@qodeinteractive.com<\/a><\/p><p>Web: <a href=\"https:\/\/qodeinteractive.com\/\">qodeinteractive.com<\/a><\/p><\/div>\n\t\t\t\t<\/div>\n\t\t\t\t<\/div>\n\t\t\t\t\t\t<\/div>\n\t\t\t\t\t<\/div>\n\t\t<\/div>\n\t\t\t\t\t\t\t\t<\/div>\n\t\t\t\t\t<\/div>\n\t\t<\/section>\n\t\t\t\t\t\t<\/div>\n\t\t\t\t\t<\/div>\n\t\t<\/div>\n\t\t\t\t<div class=\"elementor-column elementor-col-50 elementor-top-column elementor-element elementor-element-8d6f6a4\" data-id=\"8d6f6a4\" data-element_type=\"column\">\n\t\t\t<div class=\"elementor-column-wrap elementor-element-populated\">\n\t\t\t\t\t\t\t<div class=\"elementor-widget-wrap\">\n\t\t\t\t\t\t<div class=\"elementor-element elementor-element-ebea712 elementor-widget elementor-widget-wp-widget-eona_core_contact_form_7\" data-id=\"ebea712\" data-element_type=\"widget\" data-widget_type=\"wp-widget-eona_core_contact_form_7.default\">\n\t\t\t\t<div class=\"elementor-widget-container\">\n\t\t\t\t\t\t<div class=\"qodef-contact-form-7\">\n\t\t\t\t<div role=\"form\" class=\"wpcf7\" id=\"wpcf7-f1182-o1\" lang=\"en-US\" dir=\"ltr\">\n<div class=\"screen-reader-response\"><p role=\"status\" aria-live=\"polite\" aria-atomic=\"true\"><\/p> <ul><\/ul><\/div>\n<form action=\"\/en\/wp-json\/wp\/v2\/pages\/1172#wpcf7-f1182-o1\" method=\"post\" class=\"wpcf7-form init\" novalidate=\"novalidate\" data-status=\"init\">\n<div style=\"display: none;\">\n<input type=\"hidden\" name=\"_wpcf7\" value=\"1182\" \/>\n<input type=\"hidden\" name=\"_wpcf7_version\" value=\"5.3.2\" \/>\n<input type=\"hidden\" name=\"_wpcf7_locale\" value=\"en_US\" \/>\n<input type=\"hidden\" name=\"_wpcf7_unit_tag\" value=\"wpcf7-f1182-o1\" \/>\n<input type=\"hidden\" name=\"_wpcf7_container_post\" value=\"0\" \/>\n<input type=\"hidden\" name=\"_wpcf7_posted_data_hash\" value=\"\" \/>\n<\/div>\n<div class=\"qodef-cf7-contact\">\n<span class=\"wpcf7-form-control-wrap your-email\"><input type=\"email\" name=\"your-email\" value=\"\" size=\"40\" class=\"wpcf7-form-control wpcf7-text wpcf7-email wpcf7-validates-as-required wpcf7-validates-as-email\" aria-required=\"true\" aria-invalid=\"false\" placeholder=\"Email...\" \/><\/span><br \/>\n<span class=\"wpcf7-form-control-wrap your-name\"><input type=\"text\" name=\"your-name\" value=\"Name...\" size=\"40\" class=\"wpcf7-form-control wpcf7-text wpcf7-validates-as-required\" aria-required=\"true\" aria-invalid=\"false\" \/><\/span><br \/>\n<span class=\"wpcf7-form-control-wrap your-message\"><textarea name=\"your-message\" cols=\"40\" rows=\"10\" class=\"wpcf7-form-control wpcf7-textarea\" aria-invalid=\"false\" placeholder=\"Message...\"><\/textarea><\/span><br \/>\n<button type=\"submit\" class=\"wpcf7-form-control wpcf7-submit qodef-button qodef-size--large qodef-type--filled qodef-m\"><span class=\"qodef-m-text\">submit<\/span><\/button>\n<\/div>\n<div class=\"wpcf7-response-output\" aria-hidden=\"true\"><\/div><\/form><\/div>\t\t\t<\/div>\n\t\t\t\t\t<\/div>\n\t\t\t\t<\/div>\n\t\t\t\t\t\t<\/div>\n\t\t\t\t\t<\/div>\n\t\t<\/div>\n\t\t\t\t\t\t\t\t<\/div>\n\t\t\t\t\t<\/div>\n\t\t<\/section>\n\t\t\t\t<section class=\"elementor-section elementor-top-section elementor-element elementor-element-e2a56ac elementor-section-full_width elementor-section-height-default elementor-section-height-default qodef-elementor-content-no\" data-id=\"e2a56ac\" data-element_type=\"section\">\n\t\t\t\t\t\t<div class=\"elementor-container elementor-column-gap-no\">\n\t\t\t\t\t\t\t<div class=\"elementor-row\">\n\t\t\t\t\t<div class=\"elementor-column elementor-col-100 elementor-top-column elementor-element elementor-element-99683ce\" data-id=\"99683ce\" data-element_type=\"column\">\n\t\t\t<div class=\"elementor-column-wrap elementor-element-populated\">\n\t\t\t\t\t\t\t<div class=\"elementor-widget-wrap\">\n\t\t\t\t\t\t<div class=\"elementor-element elementor-element-5f7093d elementor-hidden-desktop elementor-hidden-tablet elementor-hidden-phone elementor-widget elementor-widget-image\" data-id=\"5f7093d\" data-element_type=\"widget\" data-widget_type=\"image.default\">\n\t\t\t\t<div class=\"elementor-widget-container\">\n\t\t\t\t\t<div class=\"elementor-image\">\n\t\t\t\t\t\t\t\t\t\t<img src=\"http:\/\/www.zumar.com.mx\/en\/wp-content\/uploads\/2020\/06\/map-img.jpg\" title=\"map-img\" alt=\"map-img\" \/>\t\t\t\t\t\t\t\t\t\t\t<\/div>\n\t\t\t\t<\/div>\n\t\t\t\t<\/div>\n\t\t\t\t<div class=\"elementor-element elementor-element-f27bcfa elementor-widget elementor-widget-google_maps\" data-id=\"f27bcfa\" data-element_type=\"widget\" data-widget_type=\"google_maps.default\">\n\t\t\t\t<div class=\"elementor-widget-container\">\n\t\t\t<div class=\"elementor-custom-embed\"><iframe frameborder=\"0\" scrolling=\"no\" marginheight=\"0\" marginwidth=\"0\" src=\"https:\/\/maps.google.com\/maps?q=Boulevard%20de%20los%20Gobernadores%20%231218%2C%20Col.%20Vista%20Azul%2C%20Quer%C3%A9taro%2C%20Quer%C3%A9taro%2C%20C.P.%2076091%20M%C3%A9xico.&amp;t=m&amp;z=16&amp;output=embed&amp;iwloc=near\" title=\"Boulevard de los Gobernadores #1218, Col. Vista Azul, Quer\u00e9taro, Quer\u00e9taro, C.P. 76091 M\u00e9xico.\" aria-label=\"Boulevard de los Gobernadores #1218, Col. Vista Azul, Quer\u00e9taro, Quer\u00e9taro, C.P. 76091 M\u00e9xico.\"><\/iframe><\/div>\t\t<\/div>\n\t\t\t\t<\/div>\n\t\t\t\t\t\t<\/div>\n\t\t\t\t\t<\/div>\n\t\t<\/div>\n\t\t\t\t\t\t\t\t<\/div>\n\t\t\t\t\t<\/div>\n\t\t<\/section>\n\t\t\t\t<section class=\"elementor-section elementor-top-section elementor-element elementor-element-d5af97d elementor-section-full_width qodef-elementor-content-grid elementor-hidden-desktop elementor-hidden-tablet elementor-hidden-phone elementor-section-height-default elementor-section-height-default\" data-id=\"d5af97d\" data-element_type=\"section\">\n\t\t\t\t\t\t<div class=\"elementor-container elementor-column-gap-no\">\n\t\t\t\t\t\t\t<div class=\"elementor-row\">\n\t\t\t\t\t<div class=\"elementor-column elementor-col-66 elementor-top-column elementor-element elementor-element-a8928c4\" data-id=\"a8928c4\" data-element_type=\"column\">\n\t\t\t<div class=\"elementor-column-wrap elementor-element-populated\">\n\t\t\t\t\t\t\t<div class=\"elementor-widget-wrap\">\n\t\t\t\t\t\t<div class=\"elementor-element elementor-element-408465b elementor-widget elementor-widget-heading\" data-id=\"408465b\" data-element_type=\"widget\" data-widget_type=\"heading.default\">\n\t\t\t\t<div class=\"elementor-widget-container\">\n\t\t\t<h3 class=\"elementor-heading-title elementor-size-default\">Suscr\u00edbase a nuestro Newsletter<\/h3>\t\t<\/div>\n\t\t\t\t<\/div>\n\t\t\t\t\t\t<\/div>\n\t\t\t\t\t<\/div>\n\t\t<\/div>\n\t\t\t\t<div class=\"elementor-column elementor-col-33 elementor-top-column elementor-element elementor-element-e139233\" data-id=\"e139233\" data-element_type=\"column\">\n\t\t\t<div class=\"elementor-column-wrap elementor-element-populated\">\n\t\t\t\t\t\t\t<div class=\"elementor-widget-wrap\">\n\t\t\t\t\t\t<div class=\"elementor-element elementor-element-b097992 elementor-widget elementor-widget-wp-widget-eona_core_button\" data-id=\"b097992\" data-element_type=\"widget\" data-widget_type=\"wp-widget-eona_core_button.default\">\n\t\t\t\t<div class=\"elementor-widget-container\">\n\t\t\t<a class=\"qodef-shortcode qodef-m  qodef-button qodef-layout--outlined  qodef-html--link\" href=\"https:\/\/eona.qodeinteractive.com\/shop\/\" target=\"_self\"  >\n\t<span class=\"qodef-m-text\">suscribirse<\/span>\n<\/a>\t\t<\/div>\n\t\t\t\t<\/div>\n\t\t\t\t\t\t<\/div>\n\t\t\t\t\t<\/div>\n\t\t<\/div>\n\t\t\t\t\t\t\t\t<\/div>\n\t\t\t\t\t<\/div>\n\t\t<\/section>\n\t\t\t\t<section class=\"elementor-section elementor-top-section elementor-element elementor-element-ea42583 elementor-section-full_width elementor-section-height-default elementor-section-height-default qodef-elementor-content-no\" data-id=\"ea42583\" data-element_type=\"section\">\n\t\t\t\t\t\t<div class=\"elementor-container elementor-column-gap-no\">\n\t\t\t\t\t\t\t<div class=\"elementor-row\">\n\t\t\t\t\t<div class=\"elementor-column elementor-col-100 elementor-top-column elementor-element elementor-element-017af0c\" data-id=\"017af0c\" data-element_type=\"column\">\n\t\t\t<div class=\"elementor-column-wrap elementor-element-populated\">\n\t\t\t\t\t\t\t<div class=\"elementor-widget-wrap\">\n\t\t\t\t\t\t\t\t<\/div>\n\t\t\t\t\t<\/div>\n\t\t<\/div>\n\t\t\t\t\t\t\t\t<\/div>\n\t\t\t\t\t<\/div>\n\t\t<\/section>\n\t\t\t\t\t\t<\/div>\n\t\t\t\t\t\t<\/div>\n\t\t\t\t\t<\/div>\n\t\t","protected":false},"excerpt":{"rendered":"<p>Contact Us \u00bfNeed Assistance? \u00a1Drop a Message! Financial services, Tax services, Transfer Pricing Services and International Trade services. in all the country All services provided by zumar are rendered directly by its partners which have a solid professional experience attending both domestic and multinational groups in the automotive, textile, maquila, financial, aeronautic and manufacturing industry. [&hellip;]<\/p>\n","protected":false},"author":1,"featured_media":0,"parent":0,"menu_order":0,"comment_status":"closed","ping_status":"closed","template":"page-full-width.php","meta":[],"_links":{"self":[{"href":"http:\/\/www.zumar.com.mx\/en\/wp-json\/wp\/v2\/pages\/1172"}],"collection":[{"href":"http:\/\/www.zumar.com.mx\/en\/wp-json\/wp\/v2\/pages"}],"about":[{"href":"http:\/\/www.zumar.com.mx\/en\/wp-json\/wp\/v2\/types\/page"}],"author":[{"embeddable":true,"href":"http:\/\/www.zumar.com.mx\/en\/wp-json\/wp\/v2\/users\/1"}],"replies":[{"embeddable":true,"href":"http:\/\/www.zumar.com.mx\/en\/wp-json\/wp\/v2\/comments?post=1172"}],"version-history":[{"count":44,"href":"http:\/\/www.zumar.com.mx\/en\/wp-json\/wp\/v2\/pages\/1172\/revisions"}],"predecessor-version":[{"id":5992,"href":"http:\/\/www.zumar.com.mx\/en\/wp-json\/wp\/v2\/pages\/1172\/revisions\/5992"}],"wp:attachment":[{"href":"http:\/\/www.zumar.com.mx\/en\/wp-json\/wp\/v2\/media?parent=1172"}],"curies":[{"name":"wp","href":"https:\/\/api.w.org\/{rel}","templated":true}]}}