{"id":5965,"date":"2021-02-22T16:39:10","date_gmt":"2021-02-22T16:39:10","guid":{"rendered":"http:\/\/www.zumar.com.mx\/en\/?page_id=5965"},"modified":"2023-07-14T01:12:38","modified_gmt":"2023-07-14T01:12:38","slug":"juan-raul-mandujano-sanchez","status":"publish","type":"page","link":"http:\/\/www.zumar.com.mx\/en\/juan-raul-mandujano-sanchez\/","title":{"rendered":"Juan Ra\u00fal Mandujano S\u00e1nchez"},"content":{"rendered":"\t\t<div data-elementor-type=\"wp-page\" data-elementor-id=\"5965\" class=\"elementor elementor-5965\" data-elementor-settings=\"[]\">\n\t\t\t\t\t\t<div class=\"elementor-inner\">\n\t\t\t\t\t\t\t<div class=\"elementor-section-wrap\">\n\t\t\t\t\t\t\t<section style=\"height: 520px\" class=\"qodef-parallax--custom elementor-section elementor-top-section elementor-element elementor-element-60e7a801 elementor-section-full_width qodef-elementor-content-grid elementor-section-height-default elementor-section-height-default\" data-id=\"60e7a801\" data-element_type=\"section\">\n\t\t\t\t\t\t<div class=\"elementor-container elementor-column-gap-no\">\n\t\t\t\t\t\t\t<div class=\"elementor-row\">\n\t\t\t\t\t<div class=\"elementor-column elementor-col-100 elementor-top-column elementor-element elementor-element-222cf3a8\" data-id=\"222cf3a8\" data-element_type=\"column\">\n\t\t\t<div class=\"elementor-column-wrap elementor-element-populated\">\n\t\t\t\t\t\t\t<div class=\"elementor-widget-wrap\">\n\t\t\t\t\t\t<div class=\"elementor-element elementor-element-6d944392 elementor-widget elementor-widget-eona_core_section_title\" data-id=\"6d944392\" data-element_type=\"widget\" data-widget_type=\"eona_core_section_title.default\">\n\t\t\t\t<div class=\"elementor-widget-container\">\n\t\t\t<div class=\"qodef-shortcode qodef-m  qodef-section-title qodef-alignment--center    \">\n    \t<h6 class=\"qodef-m-caption\" style=\"color: #FFFFFF\">\n        Partners\t<\/h6>\n\t<h1 class=\"qodef-m-title\" style=\"color: #FFFFFF\" >\n                    Juan Ra\u00fal Mandujano S\u00e1nchez            <\/h1>\n    \t<span class=\"qodef-m-subtitle\" style=\"color: #FFFFFF\">\n        Degree in Public Accounting and Finance\t<\/span>\n    \t    <\/div>\t\t<\/div>\n\t\t\t\t<\/div>\n\t\t\t\t\t\t<\/div>\n\t\t\t\t\t<\/div>\n\t\t<\/div>\n\t\t\t\t\t\t\t\t<\/div>\n\t\t\t\t\t<\/div>\n\t\t<\/section>\n\t\t\t\t<section class=\"elementor-section elementor-top-section elementor-element elementor-element-77d27fb1 elementor-section-full_width qodef-elementor-content-grid elementor-section-height-default elementor-section-height-default\" data-id=\"77d27fb1\" data-element_type=\"section\">\n\t\t\t\t\t\t<div class=\"elementor-container elementor-column-gap-no\">\n\t\t\t\t\t\t\t<div class=\"elementor-row\">\n\t\t\t\t\t<div class=\"elementor-column elementor-col-100 elementor-top-column elementor-element elementor-element-d4d9d7\" data-id=\"d4d9d7\" data-element_type=\"column\">\n\t\t\t<div class=\"elementor-column-wrap elementor-element-populated\">\n\t\t\t\t\t\t\t<div class=\"elementor-widget-wrap\">\n\t\t\t\t\t\t<div class=\"elementor-element elementor-element-16113612 elementor-widget elementor-widget-eona_core_dropcaps\" data-id=\"16113612\" data-element_type=\"widget\" data-widget_type=\"eona_core_dropcaps.default\">\n\t\t\t\t<div class=\"elementor-widget-container\">\n\t\t\t<div class=\"qodef-shortcode qodef-m  qodef-dropcaps qodef-type--simple qodef-alignment--left\">\n\t<span class=\"qodef-m-letter\" ><\/span>\n\t\t\t<p class=\"qodef-m-text\" >Degree in Public Accounting and Finance from the Instituto Tecnol\u00f3gico y de Estudios Superiores de Monterrey, Quer\u00e9taro campus. \n<\/p>\n\t<\/div>\t\t<\/div>\n\t\t\t\t<\/div>\n\t\t\t\t<div class=\"elementor-element elementor-element-55222ace elementor-widget elementor-widget-text-editor\" data-id=\"55222ace\" data-element_type=\"widget\" data-widget_type=\"text-editor.default\">\n\t\t\t\t<div class=\"elementor-widget-container\">\n\t\t\t\t\t<div class=\"elementor-text-editor elementor-clearfix\"><p>Diploma in International Finance from the Ecole Sup\u00e9rieure de Commerce in Toulouse, France.<\/p><p><br \/>More than 17 years of experience.<\/p><p>Professional experience auditing financial statements and providing advice on the application of accounting standards (NIF, USGAAP and IFRS) to national and international companies, as well as companies listed on recognized markets in both Mexico and the United States.<\/p><p><br \/>Professor and Lecturer in various universities, as well as in professional and business organizations.<\/p><p><br \/>Member of the College of Public Accountants of Quer\u00e9taro<\/p><\/div>\n\t\t\t\t<\/div>\n\t\t\t\t<\/div>\n\t\t\t\t\t\t<\/div>\n\t\t\t\t\t<\/div>\n\t\t<\/div>\n\t\t\t\t\t\t\t\t<\/div>\n\t\t\t\t\t<\/div>\n\t\t<\/section>\n\t\t\t\t<section class=\"elementor-section elementor-top-section elementor-element elementor-element-1a1fbac6 elementor-section-full_width qodef-elementor-content-grid elementor-hidden-desktop elementor-hidden-tablet elementor-hidden-phone elementor-section-height-default elementor-section-height-default\" data-id=\"1a1fbac6\" data-element_type=\"section\">\n\t\t\t\t\t\t<div class=\"elementor-container elementor-column-gap-no\">\n\t\t\t\t\t\t\t<div class=\"elementor-row\">\n\t\t\t\t\t<div class=\"elementor-column elementor-col-100 elementor-top-column elementor-element elementor-element-29ce7f26\" data-id=\"29ce7f26\" data-element_type=\"column\">\n\t\t\t<div class=\"elementor-column-wrap elementor-element-populated\">\n\t\t\t\t\t\t\t<div class=\"elementor-widget-wrap\">\n\t\t\t\t\t\t<div class=\"elementor-element elementor-element-2688bfb6 elementor-widget elementor-widget-eona_core_image_gallery\" data-id=\"2688bfb6\" data-element_type=\"widget\" data-widget_type=\"eona_core_image_gallery.default\">\n\t\t\t\t<div class=\"elementor-widget-container\">\n\t\t\t<div class=\"qodef-shortcode qodef-m  qodef-image-gallery    qodef-grid qodef-layout--columns  qodef-gutter--micro qodef-col-num--3     qodef-slider-navigation--off qodef-slider-pagination--off   qodef-responsive--custom qodef-col-num--1440--3 qodef-col-num--1366--3 qodef-col-num--1024--3 qodef-col-num--768--1 qodef-col-num--680--1 qodef-col-num--480--1\">\n    <div class=\"qodef-grid-inner clear\">\n\t\t<div class=\"qodef-e qodef-image-wrapper qodef-grid-item\">\n\t\t\t<img width=\"800\" height=\"666\" src=\"http:\/\/www.zumar.com.mx\/en\/wp-content\/uploads\/2021\/02\/about-me-img-1.jpg\" class=\"attachment-full size-full\" alt=\"\" loading=\"lazy\" srcset=\"http:\/\/www.zumar.com.mx\/en\/wp-content\/uploads\/2021\/02\/about-me-img-1.jpg 800w, http:\/\/www.zumar.com.mx\/en\/wp-content\/uploads\/2021\/02\/about-me-img-1-300x250.jpg 300w, http:\/\/www.zumar.com.mx\/en\/wp-content\/uploads\/2021\/02\/about-me-img-1-768x639.jpg 768w\" sizes=\"(max-width: 800px) 100vw, 800px\" \/>\t<\/div><div class=\"qodef-e qodef-image-wrapper qodef-grid-item\">\n\t\t\t<img width=\"800\" height=\"666\" src=\"http:\/\/www.zumar.com.mx\/en\/wp-content\/uploads\/2021\/02\/about-me-img-2.jpg\" class=\"attachment-full size-full\" alt=\"\" loading=\"lazy\" srcset=\"http:\/\/www.zumar.com.mx\/en\/wp-content\/uploads\/2021\/02\/about-me-img-2.jpg 800w, http:\/\/www.zumar.com.mx\/en\/wp-content\/uploads\/2021\/02\/about-me-img-2-300x250.jpg 300w, http:\/\/www.zumar.com.mx\/en\/wp-content\/uploads\/2021\/02\/about-me-img-2-768x639.jpg 768w\" sizes=\"(max-width: 800px) 100vw, 800px\" \/>\t<\/div><div class=\"qodef-e qodef-image-wrapper qodef-grid-item\">\n\t\t\t<img width=\"800\" height=\"666\" src=\"http:\/\/www.zumar.com.mx\/en\/wp-content\/uploads\/2021\/02\/about-me-img-3.jpg\" class=\"attachment-full size-full\" alt=\"\" loading=\"lazy\" srcset=\"http:\/\/www.zumar.com.mx\/en\/wp-content\/uploads\/2021\/02\/about-me-img-3.jpg 800w, http:\/\/www.zumar.com.mx\/en\/wp-content\/uploads\/2021\/02\/about-me-img-3-300x250.jpg 300w, http:\/\/www.zumar.com.mx\/en\/wp-content\/uploads\/2021\/02\/about-me-img-3-768x639.jpg 768w\" sizes=\"(max-width: 800px) 100vw, 800px\" \/>\t<\/div>    <\/div>\n<\/div>\t\t<\/div>\n\t\t\t\t<\/div>\n\t\t\t\t\t\t<\/div>\n\t\t\t\t\t<\/div>\n\t\t<\/div>\n\t\t\t\t\t\t\t\t<\/div>\n\t\t\t\t\t<\/div>\n\t\t<\/section>\n\t\t\t\t<section class=\"elementor-section elementor-top-section elementor-element elementor-element-37615fb8 elementor-section-full_width qodef-elementor-content-grid elementor-hidden-desktop elementor-hidden-tablet elementor-hidden-phone elementor-section-height-default elementor-section-height-default\" data-id=\"37615fb8\" data-element_type=\"section\">\n\t\t\t\t\t\t<div class=\"elementor-container elementor-column-gap-no\">\n\t\t\t\t\t\t\t<div class=\"elementor-row\">\n\t\t\t\t\t<div class=\"elementor-column elementor-col-100 elementor-top-column elementor-element elementor-element-63c47ea\" data-id=\"63c47ea\" data-element_type=\"column\">\n\t\t\t<div class=\"elementor-column-wrap elementor-element-populated\">\n\t\t\t\t\t\t\t<div class=\"elementor-widget-wrap\">\n\t\t\t\t\t\t<div class=\"elementor-element elementor-element-226d3b96 elementor-widget elementor-widget-text-editor\" data-id=\"226d3b96\" data-element_type=\"widget\" data-widget_type=\"text-editor.default\">\n\t\t\t\t<div class=\"elementor-widget-container\">\n\t\t\t\t\t<div class=\"elementor-text-editor elementor-clearfix\"><blockquote style=\"text-align: center;\">Curabitur placerat, tortor nec eleifend, justo urna ante laoreet lacus commodo ligula eget dolor magnis tempus dis. Lorem ipsum dolor sit amet, consectetuer adipiscing.<\/blockquote><\/div>\n\t\t\t\t<\/div>\n\t\t\t\t<\/div>\n\t\t\t\t<div class=\"elementor-element elementor-element-7dbe4b22 elementor-widget elementor-widget-eona_core_separator\" data-id=\"7dbe4b22\" data-element_type=\"widget\" data-widget_type=\"eona_core_separator.default\">\n\t\t\t\t<div class=\"elementor-widget-container\">\n\t\t\t<div class=\"qodef-shortcode qodef-m  qodef-separator clear qodef-position--center\">\n\t<div class=\"qodef-m-line\" style=\"border-color: #000000;width: 100px;border-bottom-width: 3px\"><\/div>\n<\/div>\t\t<\/div>\n\t\t\t\t<\/div>\n\t\t\t\t\t\t<\/div>\n\t\t\t\t\t<\/div>\n\t\t<\/div>\n\t\t\t\t\t\t\t\t<\/div>\n\t\t\t\t\t<\/div>\n\t\t<\/section>\n\t\t\t\t<section class=\"elementor-section elementor-top-section elementor-element elementor-element-77319e35 elementor-section-full_width qodef-elementor-content-grid elementor-hidden-desktop elementor-hidden-tablet elementor-hidden-phone elementor-section-height-default elementor-section-height-default\" data-id=\"77319e35\" data-element_type=\"section\">\n\t\t\t\t\t\t<div class=\"elementor-container elementor-column-gap-no\">\n\t\t\t\t\t\t\t<div class=\"elementor-row\">\n\t\t\t\t\t<div class=\"elementor-column elementor-col-100 elementor-top-column elementor-element elementor-element-6636d5d9\" data-id=\"6636d5d9\" data-element_type=\"column\">\n\t\t\t<div class=\"elementor-column-wrap elementor-element-populated\">\n\t\t\t\t\t\t\t<div class=\"elementor-widget-wrap\">\n\t\t\t\t\t\t<div class=\"elementor-element elementor-element-466023a1 elementor-widget elementor-widget-text-editor\" data-id=\"466023a1\" data-element_type=\"widget\" data-widget_type=\"text-editor.default\">\n\t\t\t\t<div class=\"elementor-widget-container\">\n\t\t\t\t\t<div class=\"elementor-text-editor elementor-clearfix\"><p style=\"text-align: center;\">Nulla consequat massa quis enim. Donec pede justo, fringilla vel, aliquet nec, vulputate eget, arcu. In enim justo, rhoncus ut, imperdiet a, venenatis vitae, justo. Nullam dictum felis eu pede mollis pretium. Integer tincidunt. Curabitur ullamcorper ultricies nisi. Nam eget dui. Lorem ipsum dolor sit amet, consectetuer adipiscing elit. Aenean commodo ligula eget dolor. Aenea n massa. Cum sociis Theme natoque penatibus et magnis dis parturient montes, nascetur ridiculus mus. Etiam rhoncus. Maecenas tempus, tellus eget condimentum. Donec quam felis, ultricies nec, pellentesque eu, pretium quis, sem.<\/p><\/div>\n\t\t\t\t<\/div>\n\t\t\t\t<\/div>\n\t\t\t\t\t\t<\/div>\n\t\t\t\t\t<\/div>\n\t\t<\/div>\n\t\t\t\t\t\t\t\t<\/div>\n\t\t\t\t\t<\/div>\n\t\t<\/section>\n\t\t\t\t<section class=\"elementor-section elementor-top-section elementor-element elementor-element-63008445 elementor-hidden-desktop elementor-hidden-tablet elementor-hidden-phone elementor-section-boxed elementor-section-height-default elementor-section-height-default qodef-elementor-content-no\" data-id=\"63008445\" data-element_type=\"section\">\n\t\t\t\t\t\t<div class=\"elementor-container elementor-column-gap-default\">\n\t\t\t\t\t\t\t<div class=\"elementor-row\">\n\t\t\t\t\t<div class=\"elementor-column elementor-col-100 elementor-top-column elementor-element elementor-element-2328f0f9\" data-id=\"2328f0f9\" data-element_type=\"column\">\n\t\t\t<div class=\"elementor-column-wrap elementor-element-populated\">\n\t\t\t\t\t\t\t<div class=\"elementor-widget-wrap\">\n\t\t\t\t\t\t<div class=\"elementor-element elementor-element-775299e5 elementor-widget elementor-widget-image\" data-id=\"775299e5\" data-element_type=\"widget\" data-widget_type=\"image.default\">\n\t\t\t\t<div class=\"elementor-widget-container\">\n\t\t\t\t\t<div class=\"elementor-image\">\n\t\t\t\t\t\t\t\t\t\t<img width=\"303\" height=\"81\" src=\"http:\/\/www.zumar.com.mx\/en\/wp-content\/uploads\/2021\/02\/about-me-img-4.jpg\" class=\"attachment-full size-full\" alt=\"\" loading=\"lazy\" srcset=\"http:\/\/www.zumar.com.mx\/en\/wp-content\/uploads\/2021\/02\/about-me-img-4.jpg 303w, http:\/\/www.zumar.com.mx\/en\/wp-content\/uploads\/2021\/02\/about-me-img-4-300x80.jpg 300w\" sizes=\"(max-width: 303px) 100vw, 303px\" \/>\t\t\t\t\t\t\t\t\t\t\t<\/div>\n\t\t\t\t<\/div>\n\t\t\t\t<\/div>\n\t\t\t\t\t\t<\/div>\n\t\t\t\t\t<\/div>\n\t\t<\/div>\n\t\t\t\t\t\t\t\t<\/div>\n\t\t\t\t\t<\/div>\n\t\t<\/section>\n\t\t\t\t<section class=\"elementor-section elementor-top-section elementor-element elementor-element-5ba3f81 elementor-section-full_width elementor-section-height-default elementor-section-height-default qodef-elementor-content-no\" data-id=\"5ba3f81\" data-element_type=\"section\">\n\t\t\t\t\t\t<div class=\"elementor-container elementor-column-gap-no\">\n\t\t\t\t\t\t\t<div class=\"elementor-row\">\n\t\t\t\t\t<div class=\"elementor-column elementor-col-100 elementor-top-column elementor-element elementor-element-5abe5bb5\" data-id=\"5abe5bb5\" data-element_type=\"column\">\n\t\t\t<div class=\"elementor-column-wrap elementor-element-populated\">\n\t\t\t\t\t\t\t<div class=\"elementor-widget-wrap\">\n\t\t\t\t\t\t\t\t<\/div>\n\t\t\t\t\t<\/div>\n\t\t<\/div>\n\t\t\t\t\t\t\t\t<\/div>\n\t\t\t\t\t<\/div>\n\t\t<\/section>\n\t\t\t\t\t\t<\/div>\n\t\t\t\t\t\t<\/div>\n\t\t\t\t\t<\/div>\n\t\t","protected":false},"excerpt":{"rendered":"<p>Partners Juan Ra\u00fal Mandujano S\u00e1nchez Degree in Public Accounting and Finance Degree in Public Accounting and Finance from the Instituto Tecnol\u00f3gico y de Estudios Superiores de Monterrey, Quer\u00e9taro campus. Diploma in International Finance from the Ecole Sup\u00e9rieure de Commerce in Toulouse, France. More than 17 years of experience. Professional experience auditing financial statements and providing [&hellip;]<\/p>\n","protected":false},"author":1,"featured_media":0,"parent":0,"menu_order":0,"comment_status":"closed","ping_status":"closed","template":"page-full-width.php","meta":[],"_links":{"self":[{"href":"http:\/\/www.zumar.com.mx\/en\/wp-json\/wp\/v2\/pages\/5965"}],"collection":[{"href":"http:\/\/www.zumar.com.mx\/en\/wp-json\/wp\/v2\/pages"}],"about":[{"href":"http:\/\/www.zumar.com.mx\/en\/wp-json\/wp\/v2\/types\/page"}],"author":[{"embeddable":true,"href":"http:\/\/www.zumar.com.mx\/en\/wp-json\/wp\/v2\/users\/1"}],"replies":[{"embeddable":true,"href":"http:\/\/www.zumar.com.mx\/en\/wp-json\/wp\/v2\/comments?post=5965"}],"version-history":[{"count":6,"href":"http:\/\/www.zumar.com.mx\/en\/wp-json\/wp\/v2\/pages\/5965\/revisions"}],"predecessor-version":[{"id":6033,"href":"http:\/\/www.zumar.com.mx\/en\/wp-json\/wp\/v2\/pages\/5965\/revisions\/6033"}],"wp:attachment":[{"href":"http:\/\/www.zumar.com.mx\/en\/wp-json\/wp\/v2\/media?parent=5965"}],"curies":[{"name":"wp","href":"https:\/\/api.w.org\/{rel}","templated":true}]}}